{"id":200,"date":"2024-01-12T17:48:05","date_gmt":"2024-01-12T14:48:05","guid":{"rendered":"https:\/\/theme.madsparrow.me\/mokko\/?page_id=200"},"modified":"2026-03-23T22:22:43","modified_gmt":"2026-03-23T22:22:43","slug":"contact","status":"publish","type":"page","link":"https:\/\/blyd.pt\/studio\/contact\/","title":{"rendered":"Contactos"},"content":{"rendered":"\t\t<div data-elementor-type=\"wp-page\" data-elementor-id=\"200\" class=\"elementor elementor-200\">\n\t\t\t\t<div class=\"elementor-element elementor-element-a5f5686 e-con-full elementor-hidden-mobile e-flex e-con e-parent\" data-id=\"a5f5686\" data-element_type=\"container\" data-e-type=\"container\">\n\t\t\t\t<div class=\"elementor-element elementor-element-dc3e80a elementor-widget elementor-widget-ms-hero\" data-id=\"dc3e80a\" data-element_type=\"widget\" data-e-type=\"widget\" data-widget_type=\"ms-hero.default\">\n\t\t\t\t<div class=\"elementor-widget-container\">\n\t\t\t\t\t\r\n        <section class=\"ms-hero\" id=\"dc3e80a\">\r\n\r\n            \r\n                            <div class=\"ms-parallax\" data-speed=\"0.7\" data-type=\"scroll\">\r\n\r\n                                            <img decoding=\"async\" class=\"jarallax-img\" src=\"https:\/\/blyd.pt\/studio\/wp-content\/uploads\/2026\/03\/adam-solomon-WHUDOzd5IYU-unsplash-1-scaled-1.jpg\" alt=\"\">\r\n                    \r\n                                    <\/div>\r\n            \r\n            \r\n                \r\n                \r\n            \r\n        <\/section>\r\n\r\n    \t\t\t\t<\/div>\n\t\t\t\t<\/div>\n\t\t\t\t<\/div>\n\t\t<div class=\"elementor-element elementor-element-70399ee e-con-full elementor-hidden-desktop elementor-hidden-tablet e-flex e-con e-parent\" data-id=\"70399ee\" data-element_type=\"container\" data-e-type=\"container\">\n\t\t\t\t<div class=\"elementor-element elementor-element-868c758 elementor-widget elementor-widget-ms-hero\" data-id=\"868c758\" data-element_type=\"widget\" data-e-type=\"widget\" data-widget_type=\"ms-hero.default\">\n\t\t\t\t<div class=\"elementor-widget-container\">\n\t\t\t\t\t\r\n        <section class=\"ms-hero\" id=\"868c758\">\r\n\r\n            \r\n                            <div class=\"ms-parallax\" data-speed=\"0.7\" data-type=\"scroll\">\r\n\r\n                                            <img decoding=\"async\" class=\"jarallax-img\" src=\"https:\/\/blyd.pt\/studio\/wp-content\/uploads\/2026\/03\/hello.webp\" alt=\"\">\r\n                    \r\n                                    <\/div>\r\n            \r\n            \r\n                \r\n                \r\n            \r\n        <\/section>\r\n\r\n    \t\t\t\t<\/div>\n\t\t\t\t<\/div>\n\t\t\t\t<\/div>\n\t\t<div class=\"elementor-element elementor-element-4e47c12 e-con-full e-flex no e-con e-parent\" data-id=\"4e47c12\" data-element_type=\"container\" data-e-type=\"container\" data-settings=\"{&quot;background_background&quot;:&quot;classic&quot;}\">\n\t\t\t\t<div class=\"elementor-element elementor-element-0a0f30e elementor-widget elementor-widget-ms_text_ticker\" data-id=\"0a0f30e\" data-element_type=\"widget\" data-e-type=\"widget\" data-widget_type=\"ms_text_ticker.default\">\n\t\t\t\t<div class=\"elementor-widget-container\">\n\t\t\t\t\t        <div class=\"ms-text-ticker\">\r\n            <div id=\"0a0f30e\" class=\"ms-tt-wrap\" data-speed=\"0.3\" data-direction=\"left\" data-scroll=\"off\" data-hover=\"slow_down\">\r\n                <div>\r\n\r\n                    <ul class=\"ms-tt\">\r\n\r\n                                                <li class=\"ms-tt__text\">\u00e9 aqui que come\u00e7a&nbsp;<\/li>\r\n                                                            <li class=\"ms-tt__text img\"><img loading=\"lazy\" src=\"https:\/\/blyd.pt\/studio\/wp-content\/uploads\/2026\/02\/cropped-favicon.png\" alt=\"\" width=\"512\" height=\"512\" loading=\"lazy\" decoding=\"async\"\/><\/li>\r\n                                                                                <li class=\"ms-tt__text\">\u00e9 aqui que come\u00e7a&nbsp;<\/li>\r\n                                                            <li class=\"ms-tt__text img\"><img loading=\"lazy\" src=\"https:\/\/blyd.pt\/studio\/wp-content\/uploads\/2026\/02\/cropped-favicon.png\" alt=\"\" width=\"512\" height=\"512\" loading=\"lazy\" decoding=\"async\"\/><\/li>\r\n                                                                                <li class=\"ms-tt__text\">\u00e9 aqui que come\u00e7a&nbsp;<\/li>\r\n                                                            <li class=\"ms-tt__text img\"><img loading=\"lazy\" src=\"https:\/\/blyd.pt\/studio\/wp-content\/uploads\/2026\/02\/cropped-favicon.png\" alt=\"\" width=\"512\" height=\"512\" loading=\"lazy\" decoding=\"async\"\/><\/li>\r\n                                                                                <li class=\"ms-tt__text\">\u00e9 aqui que come\u00e7a&nbsp;<\/li>\r\n                                                            <li class=\"ms-tt__text img\"><img loading=\"lazy\" src=\"https:\/\/blyd.pt\/studio\/wp-content\/uploads\/2026\/02\/cropped-favicon.png\" alt=\"\" width=\"512\" height=\"512\" loading=\"lazy\" decoding=\"async\"\/><\/li>\r\n                                                                                <li class=\"ms-tt__text\">\u00e9 aqui que come\u00e7a&nbsp;<\/li>\r\n                                                            <li class=\"ms-tt__text img\"><img loading=\"lazy\" src=\"https:\/\/blyd.pt\/studio\/wp-content\/uploads\/2026\/02\/cropped-favicon.png\" alt=\"\" width=\"512\" height=\"512\" loading=\"lazy\" decoding=\"async\"\/><\/li>\r\n                                                                                <li class=\"ms-tt__text\">\u00e9 aqui que come\u00e7a&nbsp;<\/li>\r\n                                                            <li class=\"ms-tt__text img\"><img loading=\"lazy\" src=\"https:\/\/blyd.pt\/studio\/wp-content\/uploads\/2026\/02\/cropped-favicon.png\" alt=\"\" width=\"512\" height=\"512\" loading=\"lazy\" decoding=\"async\"\/><\/li>\r\n                                                        \r\n                    <\/ul>\r\n                    \r\n                <\/div>\r\n            <\/div>\r\n        <\/div>\r\n        \t\t\t\t<\/div>\n\t\t\t\t<\/div>\n\t\t\t\t<\/div>\n\t\t<div class=\"elementor-element elementor-element-eada8b6 e-flex e-con-boxed no e-con e-parent\" data-id=\"eada8b6\" data-element_type=\"container\" data-e-type=\"container\">\n\t\t\t\t\t<div class=\"e-con-inner\">\n\t\t\t\t<div class=\"elementor-element elementor-element-45ace1b elementor-absolute elementor-widget elementor-widget-image\" data-id=\"45ace1b\" data-element_type=\"widget\" data-e-type=\"widget\" data-settings=\"{&quot;_position&quot;:&quot;absolute&quot;}\" data-widget_type=\"image.default\">\n\t\t\t\t\t\t\t\t\t\t\t\t\t\t\t<img alt=\"\" fetchpriority=\"high\" decoding=\"async\" width=\"512\" height=\"512\" src=\"https:\/\/blyd.pt\/studio\/wp-content\/uploads\/2026\/02\/cropped-favicon.png\" class=\"attachment-large size-large wp-image-4421\" alt=\"\" srcset=\"https:\/\/blyd.pt\/studio\/wp-content\/uploads\/2026\/02\/cropped-favicon.png 512w, https:\/\/blyd.pt\/studio\/wp-content\/uploads\/2026\/02\/cropped-favicon-300x300.png 300w, https:\/\/blyd.pt\/studio\/wp-content\/uploads\/2026\/02\/cropped-favicon-150x150.png 150w, https:\/\/blyd.pt\/studio\/wp-content\/uploads\/2026\/02\/cropped-favicon-268x268.png 268w, https:\/\/blyd.pt\/studio\/wp-content\/uploads\/2026\/02\/cropped-favicon-420x420.png 420w, https:\/\/blyd.pt\/studio\/wp-content\/uploads\/2026\/02\/cropped-favicon-90x90.png 90w, https:\/\/blyd.pt\/studio\/wp-content\/uploads\/2026\/02\/cropped-favicon-270x270.png 270w, https:\/\/blyd.pt\/studio\/wp-content\/uploads\/2026\/02\/cropped-favicon-192x192.png 192w, https:\/\/blyd.pt\/studio\/wp-content\/uploads\/2026\/02\/cropped-favicon-180x180.png 180w, https:\/\/blyd.pt\/studio\/wp-content\/uploads\/2026\/02\/cropped-favicon-32x32.png 32w\" sizes=\"(max-width: 512px) 100vw, 512px\" \/>\t\t\t\t\t\t\t\t\t\t\t\t\t\t\t<\/div>\n\t\t\t\t\t<\/div>\n\t\t\t\t<\/div>\n\t\t<div class=\"elementor-element elementor-element-90168d3 e-flex e-con-boxed e-con e-parent\" data-id=\"90168d3\" data-element_type=\"container\" data-e-type=\"container\">\n\t\t\t\t\t<div class=\"e-con-inner\">\n\t\t<div class=\"elementor-element elementor-element-4fb7e2c e-con-full e-flex no e-con e-child\" data-id=\"4fb7e2c\" data-element_type=\"container\" data-e-type=\"container\">\n\t\t\t\t<div class=\"elementor-element elementor-element-12a7aa3 elementor-widget elementor-widget-heading\" data-id=\"12a7aa3\" data-element_type=\"widget\" data-e-type=\"widget\" data-widget_type=\"heading.default\">\n\t\t\t\t\t<h5 class=\"elementor-heading-title elementor-size-default\">Est\u00fadio<\/h5>\t\t\t\t<\/div>\n\t\t\t\t<div class=\"elementor-element elementor-element-da62690 elementor-widget elementor-widget-text-editor\" data-id=\"da62690\" data-element_type=\"widget\" data-e-type=\"widget\" data-widget_type=\"text-editor.default\">\n\t\t\t\t\t\t\t\t\t<p>Rua da Associa\u00e7\u00e3o Empresarial 167, Piso 1<\/p><p>4590-872 Pa\u00e7os de Ferreira<\/p>\t\t\t\t\t\t\t\t<\/div>\n\t\t\t\t<\/div>\n\t\t<div class=\"elementor-element elementor-element-fdb4944 e-con-full e-flex no e-con e-child\" data-id=\"fdb4944\" data-element_type=\"container\" data-e-type=\"container\">\n\t\t\t\t<div class=\"elementor-element elementor-element-0469437 elementor-widget elementor-widget-heading\" data-id=\"0469437\" data-element_type=\"widget\" data-e-type=\"widget\" data-widget_type=\"heading.default\">\n\t\t\t\t\t<h5 class=\"elementor-heading-title elementor-size-default\">Email<\/h5>\t\t\t\t<\/div>\n\t\t\t\t<div class=\"elementor-element elementor-element-cb1b18b elementor-widget elementor-widget-ms-simple-link\" data-id=\"cb1b18b\" data-element_type=\"widget\" data-e-type=\"widget\" data-widget_type=\"ms-simple-link.default\">\n\t\t\t\t<div class=\"elementor-widget-container\">\n\t\t\t\t\t\r\n        <a class=\"ms-sl\" role=\"button\" data-transition=\"no\" data-style=\"no\" href=\"mailto:hello@blyd.pt\" target=\"hidden-iframe\">\r\n\r\n            \r\n            hello@blyd.pt\r\n            \r\n        <\/a>\r\n\r\n        \t\t\t\t<\/div>\n\t\t\t\t<\/div>\n\t\t\t\t<\/div>\n\t\t<div class=\"elementor-element elementor-element-cc739cf e-con-full e-flex no e-con e-child\" data-id=\"cc739cf\" data-element_type=\"container\" data-e-type=\"container\">\n\t\t\t\t<div class=\"elementor-element elementor-element-6564655 elementor-widget elementor-widget-heading\" data-id=\"6564655\" data-element_type=\"widget\" data-e-type=\"widget\" data-widget_type=\"heading.default\">\n\t\t\t\t\t<h5 class=\"elementor-heading-title elementor-size-default\">Contacto<\/h5>\t\t\t\t<\/div>\n\t\t\t\t<div class=\"elementor-element elementor-element-2150b58 elementor-widget elementor-widget-text-editor\" data-id=\"2150b58\" data-element_type=\"widget\" data-e-type=\"widget\" data-widget_type=\"text-editor.default\">\n\t\t\t\t\t\t\t\t\t<p>+351 910 042 189<\/p>\t\t\t\t\t\t\t\t<\/div>\n\t\t\t\t<\/div>\n\t\t<div class=\"elementor-element elementor-element-5a5c9ed e-con-full e-flex no e-con e-child\" data-id=\"5a5c9ed\" data-element_type=\"container\" data-e-type=\"container\">\n\t\t\t\t<div class=\"elementor-element elementor-element-871e971 elementor-widget elementor-widget-heading\" data-id=\"871e971\" data-element_type=\"widget\" data-e-type=\"widget\" data-widget_type=\"heading.default\">\n\t\t\t\t\t<h5 class=\"elementor-heading-title elementor-size-default\">Presen\u00e7a<\/h5>\t\t\t\t<\/div>\n\t\t\t\t<div class=\"elementor-element elementor-element-5b36170 elementor-widget elementor-widget-ms-social-icons\" data-id=\"5b36170\" data-element_type=\"widget\" data-e-type=\"widget\" data-widget_type=\"ms-social-icons.default\">\n\t\t\t\t<div class=\"elementor-widget-container\">\n\t\t\t\t\t        <div class=\"ms-s-w\">\r\n                    <a class=\"ms-s-i mono s-icon\" href=\"https:\/\/wa.me\/351910042189\" target=\"_blank\"><i class=\"fa-brands fa-whatsapp\"><\/i><\/a>\r\n                    <a class=\"ms-s-i mono s-icon\" href=\"https:\/\/www.instagram.com\/blyd.cs\/\" target=\"_blank\"><i class=\"fa-brands fa-instagram\"><\/i><\/a>\r\n                    <a class=\"ms-s-i mono s-icon\" href=\"https:\/\/www.facebook.com\/blYdCS\" target=\"_blank\"><i class=\"fa-brands fa-facebook\"><\/i><\/a>\r\n                    <a class=\"ms-s-i mono s-icon\" href=\"https:\/\/www.linkedin.com\/company\/blyd-cs\/\" target=\"_blank\"><i class=\"fa-brands fa-linkedin\"><\/i><\/a>\r\n                <\/div>\r\n    \t\t\t\t<\/div>\n\t\t\t\t<\/div>\n\t\t\t\t<\/div>\n\t\t\t\t\t<\/div>\n\t\t\t\t<\/div>\n\t\t<div class=\"elementor-element elementor-element-61da5ea e-flex e-con-boxed no e-con e-parent\" data-id=\"61da5ea\" data-element_type=\"container\" data-e-type=\"container\">\n\t\t\t\t\t<div class=\"e-con-inner\">\n\t\t\t\t<div class=\"elementor-element elementor-element-2ad4e8e elementor-widget elementor-widget-google_maps\" data-id=\"2ad4e8e\" data-element_type=\"widget\" data-e-type=\"widget\" data-widget_type=\"google_maps.default\">\n\t\t\t\t\t\t\t<div class=\"elementor-custom-embed\">\n\t\t\t<iframe loading=\"lazy\"\n\t\t\t\t\tsrc=\"https:\/\/maps.google.com\/maps?q=blyd%20creative%20studio&#038;t=m&#038;z=14&#038;output=embed&#038;iwloc=near\"\n\t\t\t\t\ttitle=\"blyd creative studio\"\n\t\t\t\t\taria-label=\"blyd creative studio\"\n\t\t\t><\/iframe>\n\t\t<\/div>\n\t\t\t\t\t\t<\/div>\n\t\t\t\t<div class=\"elementor-element elementor-element-80cf520 elementor-widget elementor-widget-spacer\" data-id=\"80cf520\" data-element_type=\"widget\" data-e-type=\"widget\" data-widget_type=\"spacer.default\">\n\t\t\t\t\t\t\t<div class=\"elementor-spacer\">\n\t\t\t<div class=\"elementor-spacer-inner\"><\/div>\n\t\t<\/div>\n\t\t\t\t\t\t<\/div>\n\t\t\t\t\t<\/div>\n\t\t\t\t<\/div>\n\t\t<div class=\"elementor-element elementor-element-9e502d7 e-con-full e-flex no e-con e-parent\" data-id=\"9e502d7\" data-element_type=\"container\" data-e-type=\"container\" data-settings=\"{&quot;background_background&quot;:&quot;classic&quot;}\">\n\t\t\t\t<div class=\"elementor-element elementor-element-8c455d7 elementor-widget elementor-widget-spacer\" data-id=\"8c455d7\" data-element_type=\"widget\" data-e-type=\"widget\" data-widget_type=\"spacer.default\">\n\t\t\t\t\t\t\t<div class=\"elementor-spacer\">\n\t\t\t<div class=\"elementor-spacer-inner\"><\/div>\n\t\t<\/div>\n\t\t\t\t\t\t<\/div>\n\t\t\t\t<\/div>\n\t\t\t\t<\/div>\n\t\t","protected":false},"excerpt":{"rendered":"<p>\u00e9 aqui que come\u00e7a&nbsp; \u00e9 aqui que come\u00e7a&nbsp; \u00e9 aqui que come\u00e7a&nbsp; \u00e9 aqui que come\u00e7a&nbsp; \u00e9 aqui que come\u00e7a&nbsp; \u00e9 aqui que come\u00e7a&nbsp; [&hellip;]<\/p>\n","protected":false},"author":1,"featured_media":0,"parent":0,"menu_order":0,"comment_status":"closed","ping_status":"closed","template":"page-custom.php","meta":{"_acf_changed":false,"_seopress_robots_primary_cat":"","_seopress_titles_title":"Contacto | blYd Creative Studio","_seopress_titles_desc":"\u00c9 aqui que come\u00e7a. Fala connosco e descobre como podemos trabalhar juntos. Rua da, R. Associa\u00e7\u00e3o Empresarial 167, 4590-872 Carvalhosa","_seopress_robots_index":"","_crdt_document":"","footnotes":""},"class_list":["post-200","page","type-page","status-publish","hentry"],"acf":{"choi\u0441e_menu_page":"global_settings","full_width":false,"header_transparent":false,"header_white":false,"menu_type_page":"default","menu_align_page":"default"},"_hostinger_reach_plugin_has_subscription_block":false,"_hostinger_reach_plugin_is_elementor":false,"_links":{"self":[{"href":"https:\/\/blyd.pt\/studio\/wp-json\/wp\/v2\/pages\/200","targetHints":{"allow":["GET"]}}],"collection":[{"href":"https:\/\/blyd.pt\/studio\/wp-json\/wp\/v2\/pages"}],"about":[{"href":"https:\/\/blyd.pt\/studio\/wp-json\/wp\/v2\/types\/page"}],"author":[{"embeddable":true,"href":"https:\/\/blyd.pt\/studio\/wp-json\/wp\/v2\/users\/1"}],"replies":[{"embeddable":true,"href":"https:\/\/blyd.pt\/studio\/wp-json\/wp\/v2\/comments?post=200"}],"version-history":[{"count":133,"href":"https:\/\/blyd.pt\/studio\/wp-json\/wp\/v2\/pages\/200\/revisions"}],"predecessor-version":[{"id":5819,"href":"https:\/\/blyd.pt\/studio\/wp-json\/wp\/v2\/pages\/200\/revisions\/5819"}],"wp:attachment":[{"href":"https:\/\/blyd.pt\/studio\/wp-json\/wp\/v2\/media?parent=200"}],"curies":[{"name":"wp","href":"https:\/\/api.w.org\/{rel}","templated":true}]}}