{"id":4635,"date":"2026-03-04T10:41:45","date_gmt":"2026-03-04T10:41:45","guid":{"rendered":"https:\/\/blyd.pt\/studio\/?page_id=4635"},"modified":"2026-03-04T10:42:30","modified_gmt":"2026-03-04T10:42:30","slug":"ral","status":"publish","type":"page","link":"https:\/\/blyd.pt\/studio\/ral\/","title":{"rendered":"Resolu\u00e7\u00e3o Alternativa de Lit\u00edgios de Consumo"},"content":{"rendered":"\n<p class=\"wp-block-paragraph\">Em caso de lit\u00edgio de consumo, o consumidor pode recorrer a uma entidade de resolu\u00e7\u00e3o alternativa de lit\u00edgios de consumo.<\/p>\n\n\n\n<p class=\"wp-block-paragraph\"><strong>Entidade competente:<\/strong><br>Centro de Informa\u00e7\u00e3o de Consumo e Arbitragem do Porto (CICAP)<br>https:\/\/www.cicap.pt<\/p>\n\n\n\n<p class=\"wp-block-paragraph\"><strong>Mais informa\u00e7\u00f5es dispon\u00edveis no Portal do Consumidor:<\/strong><br>https:\/\/www.consumidor.gov.pt<\/p>\n\n\n\n<p class=\"wp-block-paragraph\"><strong>Plataforma Europeia de Resolu\u00e7\u00e3o de Lit\u00edgios em Linha:<\/strong><br>https:\/\/ec.europa.eu\/consumers\/odr<\/p>\n\n\n\n<p class=\"wp-block-paragraph\"><\/p>\n\n\n\n<div style=\"height:153px\" aria-hidden=\"true\" class=\"wp-block-spacer\"><\/div>\n\n\n\n<p class=\"wp-block-paragraph\"><\/p>\n","protected":false},"excerpt":{"rendered":"<p>Em caso de lit\u00edgio de consumo, o consumidor pode recorrer a uma entidade de resolu\u00e7\u00e3o alternativa de lit\u00edgios de consumo. Entidade competente:Centro de Informa\u00e7\u00e3o [&hellip;]<\/p>\n","protected":false},"author":1,"featured_media":0,"parent":0,"menu_order":0,"comment_status":"closed","ping_status":"closed","template":"","meta":{"_acf_changed":false,"_seopress_robots_primary_cat":"","_seopress_titles_title":"","_seopress_titles_desc":"","_seopress_robots_index":"","_crdt_document":"","footnotes":""},"class_list":["post-4635","page","type-page","status-publish","hentry"],"acf":{"choi\u0441e_menu_page":"global_settings","full_width":false,"header_transparent":false,"header_white":false,"menu_type_page":"default","menu_align_page":"default"},"_hostinger_reach_plugin_has_subscription_block":false,"_hostinger_reach_plugin_is_elementor":false,"_links":{"self":[{"href":"https:\/\/blyd.pt\/studio\/wp-json\/wp\/v2\/pages\/4635","targetHints":{"allow":["GET"]}}],"collection":[{"href":"https:\/\/blyd.pt\/studio\/wp-json\/wp\/v2\/pages"}],"about":[{"href":"https:\/\/blyd.pt\/studio\/wp-json\/wp\/v2\/types\/page"}],"author":[{"embeddable":true,"href":"https:\/\/blyd.pt\/studio\/wp-json\/wp\/v2\/users\/1"}],"replies":[{"embeddable":true,"href":"https:\/\/blyd.pt\/studio\/wp-json\/wp\/v2\/comments?post=4635"}],"version-history":[{"count":3,"href":"https:\/\/blyd.pt\/studio\/wp-json\/wp\/v2\/pages\/4635\/revisions"}],"predecessor-version":[{"id":4638,"href":"https:\/\/blyd.pt\/studio\/wp-json\/wp\/v2\/pages\/4635\/revisions\/4638"}],"wp:attachment":[{"href":"https:\/\/blyd.pt\/studio\/wp-json\/wp\/v2\/media?parent=4635"}],"curies":[{"name":"wp","href":"https:\/\/api.w.org\/{rel}","templated":true}]}}