{"id":4921,"date":"2026-03-04T17:49:09","date_gmt":"2026-03-04T17:49:09","guid":{"rendered":"https:\/\/blyd.pt\/studio\/?page_id=4921"},"modified":"2026-03-23T19:09:12","modified_gmt":"2026-03-23T19:09:12","slug":"blyd","status":"publish","type":"page","link":"https:\/\/blyd.pt\/studio\/blyd\/","title":{"rendered":"A blYd"},"content":{"rendered":"\t\t<div data-elementor-type=\"wp-page\" data-elementor-id=\"4921\" class=\"elementor elementor-4921\">\n\t\t\t\t<div class=\"elementor-element elementor-element-73ac70f e-flex e-con-boxed no e-con e-parent\" data-id=\"73ac70f\" data-element_type=\"container\" data-e-type=\"container\" data-settings=\"{&quot;background_background&quot;:&quot;video&quot;,&quot;background_video_link&quot;:&quot;https:\\\/\\\/blyd.pt\\\/studio\\\/wp-content\\\/uploads\\\/2026\\\/03\\\/1106.mp4&quot;,&quot;background_play_on_mobile&quot;:&quot;yes&quot;}\">\n\t\t\t\t\t<div class=\"e-con-inner\">\n\t\t<div class=\"elementor-background-video-container\">\n\t\t\t\t\t\t\t<video class=\"elementor-background-video-hosted\" role=\"presentation\" autoplay muted playsinline loop><\/video>\n\t\t\t\t\t<\/div>\t\t<div class=\"elementor-element elementor-element-c7d2f53 elementor-widget elementor-widget-image\" data-id=\"c7d2f53\" data-element_type=\"widget\" data-e-type=\"widget\" data-widget_type=\"image.default\">\n\t\t\t\t\t\t\t\t\t\t\t\t\t\t\t<img alt=\"\" fetchpriority=\"high\" decoding=\"async\" width=\"413\" height=\"152\" src=\"https:\/\/blyd.pt\/studio\/wp-content\/uploads\/2026\/03\/blYd_logo_07-1.png\" class=\"attachment-large size-large wp-image-4925\" alt=\"\" srcset=\"https:\/\/blyd.pt\/studio\/wp-content\/uploads\/2026\/03\/blYd_logo_07-1.png 413w, https:\/\/blyd.pt\/studio\/wp-content\/uploads\/2026\/03\/blYd_logo_07-1-300x110.png 300w, https:\/\/blyd.pt\/studio\/wp-content\/uploads\/2026\/03\/blYd_logo_07-1-400x147.png 400w\" sizes=\"(max-width: 413px) 100vw, 413px\" \/>\t\t\t\t\t\t\t\t\t\t\t\t\t\t\t<\/div>\n\t\t\t\t\t<\/div>\n\t\t\t\t<\/div>\n\t\t<div data-scroll=\"\" data-scroll-speed=\"0.4\" class=\"elementor-element elementor-element-db7f3fa yes e-flex e-con-boxed 0.4 e-con e-parent\" data-id=\"db7f3fa\" data-element_type=\"container\" data-e-type=\"container\">\n\t\t\t\t\t<div class=\"e-con-inner\">\n\t\t\t\t<div class=\"elementor-element elementor-element-d4fe7a7 elementor-absolute animated-slow elementor-invisible elementor-widget elementor-widget-image\" data-id=\"d4fe7a7\" data-element_type=\"widget\" data-e-type=\"widget\" data-settings=\"{&quot;_position&quot;:&quot;absolute&quot;,&quot;_animation&quot;:&quot;fadeInUp&quot;}\" data-widget_type=\"image.default\">\n\t\t\t\t\t\t\t\t\t\t\t\t\t\t\t<img alt=\"\" decoding=\"async\" width=\"512\" height=\"512\" src=\"https:\/\/blyd.pt\/studio\/wp-content\/uploads\/2026\/02\/cropped-favicon.png\" class=\"attachment-large size-large wp-image-4421\" alt=\"\" srcset=\"https:\/\/blyd.pt\/studio\/wp-content\/uploads\/2026\/02\/cropped-favicon.png 512w, https:\/\/blyd.pt\/studio\/wp-content\/uploads\/2026\/02\/cropped-favicon-300x300.png 300w, https:\/\/blyd.pt\/studio\/wp-content\/uploads\/2026\/02\/cropped-favicon-150x150.png 150w, https:\/\/blyd.pt\/studio\/wp-content\/uploads\/2026\/02\/cropped-favicon-268x268.png 268w, https:\/\/blyd.pt\/studio\/wp-content\/uploads\/2026\/02\/cropped-favicon-420x420.png 420w, https:\/\/blyd.pt\/studio\/wp-content\/uploads\/2026\/02\/cropped-favicon-90x90.png 90w, https:\/\/blyd.pt\/studio\/wp-content\/uploads\/2026\/02\/cropped-favicon-270x270.png 270w, https:\/\/blyd.pt\/studio\/wp-content\/uploads\/2026\/02\/cropped-favicon-192x192.png 192w, https:\/\/blyd.pt\/studio\/wp-content\/uploads\/2026\/02\/cropped-favicon-180x180.png 180w, https:\/\/blyd.pt\/studio\/wp-content\/uploads\/2026\/02\/cropped-favicon-32x32.png 32w\" sizes=\"(max-width: 512px) 100vw, 512px\" \/>\t\t\t\t\t\t\t\t\t\t\t\t\t\t\t<\/div>\n\t\t\t\t<div class=\"elementor-element elementor-element-d9c6765 elementor-widget elementor-widget-spacer\" data-id=\"d9c6765\" data-element_type=\"widget\" data-e-type=\"widget\" data-widget_type=\"spacer.default\">\n\t\t\t\t\t\t\t<div class=\"elementor-spacer\">\n\t\t\t<div class=\"elementor-spacer-inner\"><\/div>\n\t\t<\/div>\n\t\t\t\t\t\t<\/div>\n\t\t\t\t<div class=\"elementor-element elementor-element-2d6c255 elementor-widget elementor-widget-ms_animated_headline\" data-id=\"2d6c255\" data-element_type=\"widget\" data-e-type=\"widget\" data-widget_type=\"ms_animated_headline.default\">\n\t\t\t\t<div class=\"elementor-widget-container\">\n\t\t\t\t\t\r\n        <div class=\"ms-ah-wrapper\">\r\n            <h1 class=\"content__title\" data-splitting data-effect5 data-scroll=\"on\">\r\n            \tSomos \n<br>pessoas            <\/h1>\r\n        <\/div>\r\n        \r\n    \t\t\t\t<\/div>\n\t\t\t\t<\/div>\n\t\t\t\t<div class=\"elementor-element elementor-element-3232812 elementor-widget elementor-widget-text-editor\" data-id=\"3232812\" data-element_type=\"widget\" data-e-type=\"widget\" data-widget_type=\"text-editor.default\">\n\t\t\t\t\t\t\t\t\t<p data-start=\"250\" data-end=\"643\">A bLYd nasce da vontade de criar um est\u00fadio criativo onde estrat\u00e9gia, est\u00e9tica e emo\u00e7\u00e3o coexistem no mesmo processo.<\/p><p data-start=\"250\" data-end=\"643\">\u00a0<\/p><p data-start=\"250\" data-end=\"643\">Depois de v\u00e1rios anos a desenvolver projetos de design, comunica\u00e7\u00e3o e conte\u00fado para diferentes marcas, tornou-se claro que havia espa\u00e7o para uma abordagem mais integrada, uma abordagem onde a criatividade n\u00e3o fosse apenas execu\u00e7\u00e3o, mas tamb\u00e9m pensamento, dire\u00e7\u00e3o e narrativa.<\/p><p data-start=\"250\" data-end=\"643\">\u00a0<\/p><p data-start=\"250\" data-end=\"643\">A cria\u00e7\u00e3o da bLYd surge num momento em que o digital se tornou central na forma como as empresas comunicam, mas tamb\u00e9m mais saturado e muitas vezes superficial.<\/p><p data-start=\"645\" data-end=\"963\">\u00a0<\/p><p data-start=\"645\" data-end=\"963\">O objetivo foi construir um est\u00fadio capaz de ajudar marcas a comunicar com mais inten\u00e7\u00e3o, identidade e humanidade, valorizando tanto a forma como o conte\u00fado.<\/p>\t\t\t\t\t\t\t\t<\/div>\n\t\t\t\t\t<\/div>\n\t\t\t\t<\/div>\n\t\t<div class=\"elementor-element elementor-element-63cbebc e-con-full e-flex no e-con e-parent\" data-id=\"63cbebc\" data-element_type=\"container\" data-e-type=\"container\" data-settings=\"{&quot;background_background&quot;:&quot;classic&quot;}\">\n\t\t<div class=\"elementor-element elementor-element-11c7cea e-con-full e-flex no e-con e-child\" data-id=\"11c7cea\" data-element_type=\"container\" data-e-type=\"container\" data-settings=\"{&quot;background_background&quot;:&quot;classic&quot;}\">\n\t\t<div class=\"elementor-element elementor-element-4f47faa e-transform e-flex e-con-boxed no e-con e-child\" data-id=\"4f47faa\" data-element_type=\"container\" data-e-type=\"container\" data-settings=\"{&quot;background_background&quot;:&quot;classic&quot;,&quot;position&quot;:&quot;absolute&quot;,&quot;_transform_skewX_effect&quot;:{&quot;unit&quot;:&quot;px&quot;,&quot;size&quot;:0,&quot;sizes&quot;:[]},&quot;_transform_skewX_effect_tablet&quot;:{&quot;unit&quot;:&quot;deg&quot;,&quot;size&quot;:&quot;&quot;,&quot;sizes&quot;:[]},&quot;_transform_skewX_effect_mobile&quot;:{&quot;unit&quot;:&quot;deg&quot;,&quot;size&quot;:&quot;&quot;,&quot;sizes&quot;:[]},&quot;_transform_skewY_effect&quot;:{&quot;unit&quot;:&quot;px&quot;,&quot;size&quot;:&quot;&quot;,&quot;sizes&quot;:[]},&quot;_transform_skewY_effect_tablet&quot;:{&quot;unit&quot;:&quot;deg&quot;,&quot;size&quot;:&quot;&quot;,&quot;sizes&quot;:[]},&quot;_transform_skewY_effect_mobile&quot;:{&quot;unit&quot;:&quot;deg&quot;,&quot;size&quot;:&quot;&quot;,&quot;sizes&quot;:[]}}\">\n\t\t\t\t\t<div class=\"e-con-inner\">\n\t\t<div data-scroll=\"\" data-scroll-speed=\"-0.2\" class=\"elementor-element elementor-element-f1b00ce e-con-full yes -0.2 e-flex e-con e-child\" data-id=\"f1b00ce\" data-element_type=\"container\" data-e-type=\"container\">\n\t\t\t\t<div class=\"elementor-element elementor-element-e4b0e08 elementor-widget elementor-widget-ms_image\" data-id=\"e4b0e08\" data-element_type=\"widget\" data-e-type=\"widget\" data-widget_type=\"ms_image.default\">\n\t\t\t\t<div class=\"elementor-widget-container\">\n\t\t\t\t\t\n        \n        <div class=\"ms-image-widget\">\n\n                                    <div class='image_inner'>\n                <img decoding=\"async\" src=\"https:\/\/blyd.pt\/studio\/wp-content\/uploads\/2026\/03\/2014-01-02-01.59.32-scaled-2.jpg\" title=\"2014-01-02-01.59.32-scaled\" alt=\"2014-01-02-01.59.32-scaled\" loading=\"lazy\" \/>            <\/div>\n                                            <\/div>\n\n\t\t\t\t\t\t<\/div>\n\t\t\t\t<\/div>\n\t\t\t\t<div class=\"elementor-element elementor-element-73d7f90 no elementor-widget elementor-widget-ms_image\" data-id=\"73d7f90\" data-element_type=\"widget\" data-e-type=\"widget\" data-widget_type=\"ms_image.default\">\n\t\t\t\t<div class=\"elementor-widget-container\">\n\t\t\t\t\t\n        \n        <div class=\"ms-image-widget\">\n\n                                    <div class='image_inner'>\n                <img decoding=\"async\" src=\"https:\/\/blyd.pt\/studio\/wp-content\/uploads\/2026\/03\/514913349_18048878753573717_6414639422226759701_n.webp\" title=\"514913349_18048878753573717_6414639422226759701_n.\" alt=\"514913349_18048878753573717_6414639422226759701_n.\" loading=\"lazy\" \/>            <\/div>\n                                            <\/div>\n\n\t\t\t\t\t\t<\/div>\n\t\t\t\t<\/div>\n\t\t\t\t<div class=\"elementor-element elementor-element-7437644 no elementor-widget elementor-widget-ms_image\" data-id=\"7437644\" data-element_type=\"widget\" data-e-type=\"widget\" data-widget_type=\"ms_image.default\">\n\t\t\t\t<div class=\"elementor-widget-container\">\n\t\t\t\t\t\n        \n        <div class=\"ms-image-widget\">\n\n                                    <div class='image_inner'>\n                <img decoding=\"async\" src=\"https:\/\/blyd.pt\/studio\/wp-content\/uploads\/2026\/03\/2-1.jpg\" title=\"2\" alt=\"2\" loading=\"lazy\" \/>            <\/div>\n                                            <\/div>\n\n\t\t\t\t\t\t<\/div>\n\t\t\t\t<\/div>\n\t\t\t\t<\/div>\n\t\t<div data-scroll=\"\" data-scroll-speed=\"0.1\" class=\"elementor-element elementor-element-5b74333 e-con-full yes 0.1 e-flex e-con e-child\" data-id=\"5b74333\" data-element_type=\"container\" data-e-type=\"container\">\n\t\t\t\t<div class=\"elementor-element elementor-element-d22ab41 no elementor-widget elementor-widget-ms_image\" data-id=\"d22ab41\" data-element_type=\"widget\" data-e-type=\"widget\" data-widget_type=\"ms_image.default\">\n\t\t\t\t<div class=\"elementor-widget-container\">\n\t\t\t\t\t\n        \n        <div class=\"ms-image-widget\">\n\n                                    <div class='image_inner'>\n                <img decoding=\"async\" src=\"https:\/\/blyd.pt\/studio\/wp-content\/uploads\/2026\/03\/565067096_18061283090573717_4165437541512240263_n.webp\" title=\"565067096_18061283090573717_4165437541512240263_n.\" alt=\"565067096_18061283090573717_4165437541512240263_n.\" loading=\"lazy\" \/>            <\/div>\n                                            <\/div>\n\n\t\t\t\t\t\t<\/div>\n\t\t\t\t<\/div>\n\t\t\t\t<div class=\"elementor-element elementor-element-bc8e768 no elementor-widget elementor-widget-ms_image\" data-id=\"bc8e768\" data-element_type=\"widget\" data-e-type=\"widget\" data-widget_type=\"ms_image.default\">\n\t\t\t\t<div class=\"elementor-widget-container\">\n\t\t\t\t\t\n        \n        <div class=\"ms-image-widget\">\n\n                                    <div class='image_inner'>\n                <img decoding=\"async\" src=\"https:\/\/blyd.pt\/studio\/wp-content\/uploads\/2026\/03\/silhouette-of-video-production-behind-the-scenes-o-2026-01-08-22-31-31-utc-scaled.jpg\" title=\"\" alt=\"\" loading=\"lazy\" \/>            <\/div>\n                                            <\/div>\n\n\t\t\t\t\t\t<\/div>\n\t\t\t\t<\/div>\n\t\t\t\t<div class=\"elementor-element elementor-element-cc360f2 no elementor-widget elementor-widget-ms_image\" data-id=\"cc360f2\" data-element_type=\"widget\" data-e-type=\"widget\" data-widget_type=\"ms_image.default\">\n\t\t\t\t<div class=\"elementor-widget-container\">\n\t\t\t\t\t\n        \n        <div class=\"ms-image-widget\">\n\n                                    <div class='image_inner'>\n                <img decoding=\"async\" src=\"https:\/\/blyd.pt\/studio\/wp-content\/uploads\/2026\/03\/9-1.jpg\" title=\"9\" alt=\"9\" loading=\"lazy\" \/>            <\/div>\n                                            <\/div>\n\n\t\t\t\t\t\t<\/div>\n\t\t\t\t<\/div>\n\t\t\t\t<\/div>\n\t\t<div data-scroll=\"\" data-scroll-speed=\"-0.4\" class=\"elementor-element elementor-element-530d522 e-con-full yes -0.4 e-flex e-con e-child\" data-id=\"530d522\" data-element_type=\"container\" data-e-type=\"container\">\n\t\t\t\t<div class=\"elementor-element elementor-element-8e3a041 no elementor-widget elementor-widget-ms_image\" data-id=\"8e3a041\" data-element_type=\"widget\" data-e-type=\"widget\" data-widget_type=\"ms_image.default\">\n\t\t\t\t<div class=\"elementor-widget-container\">\n\t\t\t\t\t\n        \n        <div class=\"ms-image-widget\">\n\n                                    <div class='image_inner'>\n                <img decoding=\"async\" src=\"https:\/\/blyd.pt\/studio\/wp-content\/uploads\/2026\/03\/film-light-for-video-production-camera-in-studio-s-2026-01-08-07-06-58-utc-1-scaled.jpg\" title=\"\" alt=\"\" loading=\"lazy\" \/>            <\/div>\n                                            <\/div>\n\n\t\t\t\t\t\t<\/div>\n\t\t\t\t<\/div>\n\t\t\t\t<div class=\"elementor-element elementor-element-ffac04b no elementor-widget elementor-widget-ms_image\" data-id=\"ffac04b\" data-element_type=\"widget\" data-e-type=\"widget\" data-widget_type=\"ms_image.default\">\n\t\t\t\t<div class=\"elementor-widget-container\">\n\t\t\t\t\t\n        \n        <div class=\"ms-image-widget\">\n\n                                    <div class='image_inner'>\n                <img decoding=\"async\" src=\"https:\/\/blyd.pt\/studio\/wp-content\/uploads\/2026\/03\/2014-01-02-02.23.28-scaled-1.jpg\" title=\"2014-01-02-02.23.28-scaled\" alt=\"2014-01-02-02.23.28-scaled\" loading=\"lazy\" \/>            <\/div>\n                                            <\/div>\n\n\t\t\t\t\t\t<\/div>\n\t\t\t\t<\/div>\n\t\t\t\t<div class=\"elementor-element elementor-element-7e2bc5e no elementor-widget elementor-widget-ms_image\" data-id=\"7e2bc5e\" data-element_type=\"widget\" data-e-type=\"widget\" data-widget_type=\"ms_image.default\">\n\t\t\t\t<div class=\"elementor-widget-container\">\n\t\t\t\t\t\n        \n        <div class=\"ms-image-widget\">\n\n                                    <div class='image_inner'>\n                <img decoding=\"async\" src=\"https:\/\/blyd.pt\/studio\/wp-content\/uploads\/2026\/03\/Post-1-scaled-1.jpg\" title=\"Post-1-scaled\" alt=\"Post-1-scaled\" loading=\"lazy\" \/>            <\/div>\n                                            <\/div>\n\n\t\t\t\t\t\t<\/div>\n\t\t\t\t<\/div>\n\t\t\t\t<\/div>\n\t\t\t\t\t<\/div>\n\t\t\t\t<\/div>\n\t\t<div class=\"elementor-element elementor-element-2dc442a e-flex e-con-boxed no e-con e-child\" data-id=\"2dc442a\" data-element_type=\"container\" data-e-type=\"container\">\n\t\t\t\t\t<div class=\"e-con-inner\">\n\t\t\t\t<div class=\"elementor-element elementor-element-935a4a6 animated-slow elementor-invisible elementor-widget elementor-widget-ms_animated_headline\" data-id=\"935a4a6\" data-element_type=\"widget\" data-e-type=\"widget\" data-settings=\"{&quot;_animation&quot;:&quot;fadeInUp&quot;}\" data-widget_type=\"ms_animated_headline.default\">\n\t\t\t\t<div class=\"elementor-widget-container\">\n\t\t\t\t\t\r\n        <div class=\"ms-ah-wrapper\">\r\n            <h1 class=\"content__title\" data-splitting data-effect6 data-scroll=\"off\">\r\n            \tCada marca tem uma hist\u00f3ria, uma identidade e uma vis\u00e3o.<br><br>\n\nO nosso trabalho \u00e9 dar-lhe forma.            <\/h1>\r\n        <\/div>\r\n        \r\n    \t\t\t\t<\/div>\n\t\t\t\t<\/div>\n\t\t\t\t\t<\/div>\n\t\t\t\t<\/div>\n\t\t\t\t<\/div>\n\t\t\t\t<\/div>\n\t\t<div class=\"elementor-element elementor-element-82d97a1 e-flex e-con-boxed no e-con e-parent\" data-id=\"82d97a1\" data-element_type=\"container\" data-e-type=\"container\">\n\t\t\t\t\t<div class=\"e-con-inner\">\n\t\t\t\t<div class=\"elementor-element elementor-element-7ebfdf4 elementor-widget elementor-widget-ms_animated_headline\" data-id=\"7ebfdf4\" data-element_type=\"widget\" data-e-type=\"widget\" data-widget_type=\"ms_animated_headline.default\">\n\t\t\t\t<div class=\"elementor-widget-container\">\n\t\t\t\t\t\r\n        <div class=\"ms-ah-wrapper\">\r\n            <h1 class=\"content__title\" data-splitting data-effect5 data-scroll=\"on\">\r\n            \tA equipa            <\/h1>\r\n        <\/div>\r\n        \r\n    \t\t\t\t<\/div>\n\t\t\t\t<\/div>\n\t\t\t\t<div class=\"elementor-element elementor-element-d78ba38 elementor-widget elementor-widget-text-editor\" data-id=\"d78ba38\" data-element_type=\"widget\" data-e-type=\"widget\" data-widget_type=\"text-editor.default\">\n\t\t\t\t\t\t\t\t\t<p data-start=\"295\" data-end=\"522\">A bLYd \u00e9 um est\u00fadio criativo constru\u00eddo a partir de colabora\u00e7\u00e3o.<\/p><p data-start=\"295\" data-end=\"522\">\u00a0<\/p><p data-start=\"295\" data-end=\"522\">Trabalhamos com uma rede de profissionais nas \u00e1reas de estrat\u00e9gia, design, fotografia, v\u00eddeo e desenvolvimento digital, reunindo a equipa certa para cada projeto.<\/p>\t\t\t\t\t\t\t\t<\/div>\n\t\t\t\t\t<\/div>\n\t\t\t\t<\/div>\n\t\t<div class=\"elementor-element elementor-element-68a50a0 e-flex e-con-boxed e-con e-parent\" data-id=\"68a50a0\" data-element_type=\"container\" data-e-type=\"container\">\n\t\t\t\t\t<div class=\"e-con-inner\">\n\t\t<div class=\"elementor-element elementor-element-336c41f e-con-full e-flex no e-con e-child\" data-id=\"336c41f\" data-element_type=\"container\" data-e-type=\"container\">\n\t\t<div class=\"elementor-element elementor-element-2d77ccf e-con-full e-flex no e-con e-child\" data-id=\"2d77ccf\" data-element_type=\"container\" data-e-type=\"container\" data-settings=\"{&quot;background_background&quot;:&quot;classic&quot;}\">\n\t\t\t\t<div class=\"elementor-element elementor-element-f7c23e7 elementor-widget elementor-widget-text-editor\" data-id=\"f7c23e7\" data-element_type=\"widget\" data-e-type=\"widget\" data-widget_type=\"text-editor.default\">\n\t\t\t\t\t\t\t\t\t<p><strong>Joana<\/strong><\/p><p>Rocha<\/p>\t\t\t\t\t\t\t\t<\/div>\n\t\t\t\t<div class=\"elementor-element elementor-element-01775b5 elementor-widget elementor-widget-text-editor\" data-id=\"01775b5\" data-element_type=\"widget\" data-e-type=\"widget\" data-widget_type=\"text-editor.default\">\n\t\t\t\t\t\t\t\t\t<p>Designer Digital<\/p>\t\t\t\t\t\t\t\t<\/div>\n\t\t\t\t<div class=\"elementor-element elementor-element-5ff42f8 elementor-widget elementor-widget-ms-social-icons\" data-id=\"5ff42f8\" data-element_type=\"widget\" data-e-type=\"widget\" data-widget_type=\"ms-social-icons.default\">\n\t\t\t\t<div class=\"elementor-widget-container\">\n\t\t\t\t\t        <div class=\"ms-s-w\">\r\n                    <a class=\"ms-s-i s-icon\" href=\"https:\/\/www.linkedin.com\/in\/joanamrocha\/\" target=\"_blank\"><i class=\"fa-brands fa-linkedin-in\"><\/i><\/a>\r\n                <\/div>\r\n    \t\t\t\t<\/div>\n\t\t\t\t<\/div>\n\t\t\t\t<\/div>\n\t\t\t\t<\/div>\n\t\t<div class=\"elementor-element elementor-element-b0a9a58 e-con-full e-flex no e-con e-child\" data-id=\"b0a9a58\" data-element_type=\"container\" data-e-type=\"container\">\n\t\t<div class=\"elementor-element elementor-element-fefe9ee e-con-full e-flex no e-con e-child\" data-id=\"fefe9ee\" data-element_type=\"container\" data-e-type=\"container\" data-settings=\"{&quot;background_background&quot;:&quot;classic&quot;}\">\n\t\t\t\t<div class=\"elementor-element elementor-element-2da714d elementor-widget elementor-widget-text-editor\" data-id=\"2da714d\" data-element_type=\"widget\" data-e-type=\"widget\" data-widget_type=\"text-editor.default\">\n\t\t\t\t\t\t\t\t\t<p><strong>R\u00faben<\/strong><\/p><p>Ferreira<\/p>\t\t\t\t\t\t\t\t<\/div>\n\t\t\t\t<div class=\"elementor-element elementor-element-fa886f9 elementor-widget elementor-widget-text-editor\" data-id=\"fa886f9\" data-element_type=\"widget\" data-e-type=\"widget\" data-widget_type=\"text-editor.default\">\n\t\t\t\t\t\t\t\t\t<p>CCO<\/p>\t\t\t\t\t\t\t\t<\/div>\n\t\t\t\t<div class=\"elementor-element elementor-element-0e69677 elementor-widget elementor-widget-ms-social-icons\" data-id=\"0e69677\" data-element_type=\"widget\" data-e-type=\"widget\" data-widget_type=\"ms-social-icons.default\">\n\t\t\t\t<div class=\"elementor-widget-container\">\n\t\t\t\t\t        <div class=\"ms-s-w\">\r\n                    <a class=\"ms-s-i s-icon\" href=\"https:\/\/www.linkedin.com\/in\/ruben-blyde\/\" target=\"_blank\"><i class=\"fa-brands fa-linkedin-in\"><\/i><\/a>\r\n                    <a class=\"ms-s-i s-icon\" href=\"https:\/\/www.instagram.com\/ruben.blyd\/\" target=\"_blank\"><i class=\"fa-brands fa-instagram\"><\/i><\/a>\r\n                <\/div>\r\n    \t\t\t\t<\/div>\n\t\t\t\t<\/div>\n\t\t\t\t<\/div>\n\t\t\t\t<\/div>\n\t\t<div class=\"elementor-element elementor-element-88fd981 e-con-full e-flex no e-con e-child\" data-id=\"88fd981\" data-element_type=\"container\" data-e-type=\"container\">\n\t\t<div class=\"elementor-element elementor-element-be27bc3 e-con-full e-flex no e-con e-child\" data-id=\"be27bc3\" data-element_type=\"container\" data-e-type=\"container\" data-settings=\"{&quot;background_background&quot;:&quot;classic&quot;}\">\n\t\t\t\t<div class=\"elementor-element elementor-element-1529d04 elementor-widget elementor-widget-text-editor\" data-id=\"1529d04\" data-element_type=\"widget\" data-e-type=\"widget\" data-widget_type=\"text-editor.default\">\n\t\t\t\t\t\t\t\t\t<p><strong>Dulce<\/strong><\/p><p>Querido<\/p>\t\t\t\t\t\t\t\t<\/div>\n\t\t\t\t<div class=\"elementor-element elementor-element-2268fe2 elementor-widget elementor-widget-text-editor\" data-id=\"2268fe2\" data-element_type=\"widget\" data-e-type=\"widget\" data-widget_type=\"text-editor.default\">\n\t\t\t\t\t\t\t\t\t<p>Account Manager<\/p>\t\t\t\t\t\t\t\t<\/div>\n\t\t\t\t<div class=\"elementor-element elementor-element-770496d elementor-widget elementor-widget-ms-social-icons\" data-id=\"770496d\" data-element_type=\"widget\" data-e-type=\"widget\" data-widget_type=\"ms-social-icons.default\">\n\t\t\t\t<div class=\"elementor-widget-container\">\n\t\t\t\t\t        <div class=\"ms-s-w\">\r\n                    <a class=\"ms-s-i s-icon\" href=\"https:\/\/www.linkedin.com\/in\/dulce-querido-336a1a389\/\" target=\"_blank\"><i class=\"fa-brands fa-linkedin-in\"><\/i><\/a>\r\n                <\/div>\r\n    \t\t\t\t<\/div>\n\t\t\t\t<\/div>\n\t\t\t\t<\/div>\n\t\t\t\t<\/div>\n\t\t\t\t\t<\/div>\n\t\t\t\t<\/div>\n\t\t<div class=\"elementor-element elementor-element-7bfc52e e-con-full e-flex no e-con e-parent\" data-id=\"7bfc52e\" data-element_type=\"container\" data-e-type=\"container\">\n\t\t\t\t<div class=\"elementor-element elementor-element-d101bde elementor-widget__width-inherit elementor-widget elementor-widget-image\" data-id=\"d101bde\" data-element_type=\"widget\" data-e-type=\"widget\" data-widget_type=\"image.default\">\n\t\t\t\t\t\t\t\t\t\t\t\t\t\t\t<img alt=\"\" decoding=\"async\" width=\"1024\" height=\"683\" src=\"https:\/\/blyd.pt\/studio\/wp-content\/uploads\/2026\/02\/web-1024x683.webp\" class=\"attachment-large size-large wp-image-4446\" alt=\"\" srcset=\"https:\/\/blyd.pt\/studio\/wp-content\/uploads\/2026\/02\/web-1024x683.webp 1024w, https:\/\/blyd.pt\/studio\/wp-content\/uploads\/2026\/02\/web-300x200.webp 300w, https:\/\/blyd.pt\/studio\/wp-content\/uploads\/2026\/02\/web-768x512.webp 768w, https:\/\/blyd.pt\/studio\/wp-content\/uploads\/2026\/02\/web-1536x1024.webp 1536w, https:\/\/blyd.pt\/studio\/wp-content\/uploads\/2026\/02\/web-400x268.webp 400w, https:\/\/blyd.pt\/studio\/wp-content\/uploads\/2026\/02\/web-1120x747.webp 1120w, https:\/\/blyd.pt\/studio\/wp-content\/uploads\/2026\/02\/web.webp 1920w\" sizes=\"(max-width: 1024px) 100vw, 1024px\" \/>\t\t\t\t\t\t\t\t\t\t\t\t\t\t\t<\/div>\n\t\t\t\t<\/div>\n\t\t\t\t<\/div>\n\t\t","protected":false},"excerpt":{"rendered":"<p>Somos pessoas A bLYd nasce da vontade de criar um est\u00fadio criativo onde estrat\u00e9gia, est\u00e9tica e emo\u00e7\u00e3o coexistem no mesmo processo. \u00a0 Depois de [&hellip;]<\/p>\n","protected":false},"author":1,"featured_media":0,"parent":0,"menu_order":0,"comment_status":"closed","ping_status":"closed","template":"page-custom.php","meta":{"_acf_changed":false,"_seopress_robots_primary_cat":"","_seopress_titles_title":"blYd Creative Studio | Estrat\u00e9gia, Design e Produ\u00e7\u00e3o Criativa","_seopress_titles_desc":"A blYd \u00e9 um creative studio focado em estrat\u00e9gia, dire\u00e7\u00e3o e produ\u00e7\u00e3o de conte\u00fado, ajudando marcas a comunicar com identidade, inten\u00e7\u00e3o e significado.","_seopress_robots_index":"","_crdt_document":"","footnotes":""},"class_list":["post-4921","page","type-page","status-publish","hentry"],"acf":{"choi\u0441e_menu_page":"custom_menu_page","full_width":true,"header_transparent":true,"header_white":true,"menu_type_page":"default","menu_align_page":"center"},"_hostinger_reach_plugin_has_subscription_block":false,"_hostinger_reach_plugin_is_elementor":false,"_links":{"self":[{"href":"https:\/\/blyd.pt\/studio\/wp-json\/wp\/v2\/pages\/4921","targetHints":{"allow":["GET"]}}],"collection":[{"href":"https:\/\/blyd.pt\/studio\/wp-json\/wp\/v2\/pages"}],"about":[{"href":"https:\/\/blyd.pt\/studio\/wp-json\/wp\/v2\/types\/page"}],"author":[{"embeddable":true,"href":"https:\/\/blyd.pt\/studio\/wp-json\/wp\/v2\/users\/1"}],"replies":[{"embeddable":true,"href":"https:\/\/blyd.pt\/studio\/wp-json\/wp\/v2\/comments?post=4921"}],"version-history":[{"count":245,"href":"https:\/\/blyd.pt\/studio\/wp-json\/wp\/v2\/pages\/4921\/revisions"}],"predecessor-version":[{"id":5792,"href":"https:\/\/blyd.pt\/studio\/wp-json\/wp\/v2\/pages\/4921\/revisions\/5792"}],"wp:attachment":[{"href":"https:\/\/blyd.pt\/studio\/wp-json\/wp\/v2\/media?parent=4921"}],"curies":[{"name":"wp","href":"https:\/\/api.w.org\/{rel}","templated":true}]}}